{"id":10,"date":"2018-08-22T19:37:38","date_gmt":"2018-08-22T19:37:38","guid":{"rendered":"https:\/\/khinformatik.de\/?page_id=10"},"modified":"2021-01-13T20:29:20","modified_gmt":"2021-01-13T19:29:20","slug":"impressum","status":"publish","type":"page","link":"https:\/\/www.khinformatik.de\/?page_id=10","title":{"rendered":"Impressum"},"content":{"rendered":"<h2>Angaben gem\u00e4\u00df \u00a7 5 TMG:<\/h2>\n<p>Kevin Heilmann Informatik<br \/>\nKevin Heilmann<br \/>\nPostfach 22 02 43<br \/>\n42202 Wuppertal<\/p>\n<h2>Kontakt:<\/h2>\n<table>\n<tbody>\n<tr>\n<td>Telefon:<\/td>\n<td>0202 \/ 272 58 657<\/td>\n<\/tr>\n<tr>\n<td>E-Mail:<\/td>\n<td>info@khinformatik.de<\/td>\n<\/tr>\n<\/tbody>\n<\/table>\n<p>Berufsbezeichnung: Fachinformatiker f\u00fcr Systemintegration<br \/>\nZust\u00e4ndige Kammer: IHK Wuppertal-Solingen-Remscheid<\/p>\n<p>Es erfolgt kein Ausweis der Umsatzsteuer gem. \u00a7 19 UStG.<\/p>\n<h2>Hinweis auf EU-Streitschlichtung<\/h2>\n<p>Die Europ\u00e4ische Kommission stellt eine Plattform zur Online-Streitbeilegung (OS) bereit:\u00a0<a href=\"http:\/\/ec.europa.eu\/consumers\/odr\">http:\/\/ec.europa.eu\/consumers\/odr<\/a><br \/>\nUnsere E-Mail-Adresse finden sie oben im Impressum.<\/p>\n<h2>Haftungsausschluss (Disclaimer)<\/h2>\n<p><b>Haftung f\u00fcr Inhalte<\/b><\/p>\n<p>Als Diensteanbieter sind wir gem\u00e4\u00df \u00a7 7 Abs.1 TMG f\u00fcr eigene Inhalte auf diesen Seiten nach den allgemeinen Gesetzen verantwortlich. Nach \u00a7\u00a7 8 bis 10 TMG sind wir als Diensteanbieter jedoch nicht verpflichtet, \u00fcbermittelte oder gespeicherte fremde Informationen zu \u00fcberwachen oder nach Umst\u00e4nden zu forschen, die auf eine rechtswidrige T\u00e4tigkeit hinweisen. Verpflichtungen zur Entfernung oder Sperrung der Nutzung von Informationen nach den allgemeinen Gesetzen bleiben hiervon unber\u00fchrt. Eine diesbez\u00fcgliche Haftung ist jedoch erst ab dem Zeitpunkt der Kenntnis einer konkreten Rechtsverletzung m\u00f6glich. Bei Bekanntwerden von entsprechenden Rechtsverletzungen werden wir diese Inhalte umgehend entfernen.<\/p>\n<p><b>Haftung f\u00fcr Links<\/b><\/p>\n<p>Unser Angebot enth\u00e4lt Links zu externen Webseiten Dritter, auf deren Inhalte wir keinen Einfluss haben. Deshalb k\u00f6nnen wir f\u00fcr diese fremden Inhalte auch keine Gew\u00e4hr \u00fcbernehmen. F\u00fcr die Inhalte der verlinkten Seiten ist stets der jeweilige Anbieter oder Betreiber der Seiten verantwortlich. Die verlinkten Seiten wurden zum Zeitpunkt der Verlinkung auf m\u00f6gliche Rechtsverst\u00f6\u00dfe \u00fcberpr\u00fcft. Rechtswidrige Inhalte waren zum Zeitpunkt der Verlinkung nicht erkennbar. Eine permanente inhaltliche Kontrolle der verlinkten Seiten ist jedoch ohne konkrete Anhaltspunkte einer Rechtsverletzung nicht zumutbar. Bei Bekanntwerden von Rechtsverletzungen werden wir derartige Links umgehend entfernen.<\/p>\n<p><b>Urheberrecht<\/b><\/p>\n<p>Die durch die Seitenbetreiber erstellten Inhalte und Werke auf diesen Seiten unterliegen dem deutschen Urheberrecht. Die Vervielf\u00e4ltigung, Bearbeitung, Verbreitung und jede Art der Verwertung au\u00dferhalb der Grenzen des Urheberrechtes bed\u00fcrfen der schriftlichen Zustimmung des jeweiligen Autors bzw. Erstellers. Downloads und Kopien dieser Seite sind nur f\u00fcr den privaten, nicht kommerziellen Gebrauch gestattet. Soweit die Inhalte auf dieser Seite nicht vom Betreiber erstellt wurden, werden die Urheberrechte Dritter beachtet. Insbesondere werden Inhalte Dritter als solche gekennzeichnet. Sollten Sie trotzdem auf eine Urheberrechtsverletzung aufmerksam werden, bitten wir um einen entsprechenden Hinweis. Bei Bekanntwerden von Rechtsverletzungen werden wir derartige Inhalte umgehend entfernen.<\/p>\n<p><b>Bilder<\/b><\/p>\n<p>Viele der hier eingesetzten Bilder sind Eigentum von Kevin Heilmann Informatik und Urheberrechtlich gesch\u00fctzt. Sie d\u00fcrfen ohne schriftlicher Genehmigung nicht verwendet werden.<\/p>\n","protected":false},"excerpt":{"rendered":"<p>Angaben gem\u00e4\u00df \u00a7 5 TMG: Kevin Heilmann Informatik Kevin Heilmann Postfach 22 02 43 42202 Wuppertal Kontakt: Telefon: 0202 \/ 272 58 657 E-Mail: info@khinformatik.de Berufsbezeichnung: Fachinformatiker f\u00fcr Systemintegration Zust\u00e4ndige Kammer: IHK Wuppertal-Solingen-Remscheid Es erfolgt kein Ausweis der Umsatzsteuer gem. \u00a7 19 UStG. Hinweis auf EU-Streitschlichtung Die Europ\u00e4ische Kommission stellt eine Plattform zur Online-Streitbeilegung (OS) [&hellip;]<\/p>\n","protected":false},"author":1,"featured_media":0,"parent":0,"menu_order":0,"comment_status":"closed","ping_status":"closed","template":"","meta":{"_exactmetrics_skip_tracking":false,"_exactmetrics_sitenote_active":false,"_exactmetrics_sitenote_note":"","_exactmetrics_sitenote_category":0,"_monsterinsights_skip_tracking":false,"_monsterinsights_sitenote_active":false,"_monsterinsights_sitenote_note":"","_monsterinsights_sitenote_category":0,"footnotes":""},"class_list":["post-10","page","type-page","status-publish","hentry"],"aioseo_notices":[],"_links":{"self":[{"href":"https:\/\/www.khinformatik.de\/index.php?rest_route=\/wp\/v2\/pages\/10","targetHints":{"allow":["GET"]}}],"collection":[{"href":"https:\/\/www.khinformatik.de\/index.php?rest_route=\/wp\/v2\/pages"}],"about":[{"href":"https:\/\/www.khinformatik.de\/index.php?rest_route=\/wp\/v2\/types\/page"}],"author":[{"embeddable":true,"href":"https:\/\/www.khinformatik.de\/index.php?rest_route=\/wp\/v2\/users\/1"}],"replies":[{"embeddable":true,"href":"https:\/\/www.khinformatik.de\/index.php?rest_route=%2Fwp%2Fv2%2Fcomments&post=10"}],"version-history":[{"count":4,"href":"https:\/\/www.khinformatik.de\/index.php?rest_route=\/wp\/v2\/pages\/10\/revisions"}],"predecessor-version":[{"id":96,"href":"https:\/\/www.khinformatik.de\/index.php?rest_route=\/wp\/v2\/pages\/10\/revisions\/96"}],"wp:attachment":[{"href":"https:\/\/www.khinformatik.de\/index.php?rest_route=%2Fwp%2Fv2%2Fmedia&parent=10"}],"curies":[{"name":"wp","href":"https:\/\/api.w.org\/{rel}","templated":true}]}}