{"id":14,"date":"2018-08-22T19:38:45","date_gmt":"2018-08-22T19:38:45","guid":{"rendered":"https:\/\/khinformatik.de\/?page_id=14"},"modified":"2018-08-23T00:27:17","modified_gmt":"2018-08-22T22:27:17","slug":"ueber-uns","status":"publish","type":"page","link":"https:\/\/www.khinformatik.de\/?page_id=14","title":{"rendered":"\u00dcber uns"},"content":{"rendered":"\t\t<div data-elementor-type=\"wp-post\" data-elementor-id=\"14\" class=\"elementor elementor-14 elementor-bc-flex-widget\">\n\t\t\t\t\t\t<section class=\"elementor-section elementor-top-section elementor-element elementor-element-6a7c1ef9 elementor-section-boxed elementor-section-height-default elementor-section-height-default\" data-id=\"6a7c1ef9\" data-element_type=\"section\" data-e-type=\"section\">\n\t\t\t\t\t\t<div class=\"elementor-container elementor-column-gap-default\">\n\t\t\t\t\t<div class=\"elementor-column elementor-col-100 elementor-top-column elementor-element elementor-element-5a9b5b51\" data-id=\"5a9b5b51\" data-element_type=\"column\" data-e-type=\"column\">\n\t\t\t<div class=\"elementor-widget-wrap elementor-element-populated\">\n\t\t\t\t\t\t<div class=\"elementor-element elementor-element-18ebd49d elementor-widget elementor-widget-text-editor\" data-id=\"18ebd49d\" data-element_type=\"widget\" data-e-type=\"widget\" data-widget_type=\"text-editor.default\">\n\t\t\t\t<div class=\"elementor-widget-container\">\n\t\t\t\t\t\t\t\t\t<h3><img fetchpriority=\"high\" decoding=\"async\" class=\"size-medium wp-image-34 alignright\" src=\"https:\/\/www.KHinformatik.de\/wp-content\/uploads\/2018\/08\/Kevin-Heilmann-10-von-10-300x200.jpg\" alt=\"\" width=\"300\" height=\"200\" srcset=\"https:\/\/www.khinformatik.de\/wp-content\/uploads\/2018\/08\/Kevin-Heilmann-10-von-10-300x200.jpg 300w, https:\/\/www.khinformatik.de\/wp-content\/uploads\/2018\/08\/Kevin-Heilmann-10-von-10-768x512.jpg 768w, https:\/\/www.khinformatik.de\/wp-content\/uploads\/2018\/08\/Kevin-Heilmann-10-von-10-370x245.jpg 370w, https:\/\/www.khinformatik.de\/wp-content\/uploads\/2018\/08\/Kevin-Heilmann-10-von-10-600x400.jpg 600w\" sizes=\"(max-width: 300px) 100vw, 300px\" \/>Kevin Heilmann<\/h3><p>Mein Name ist Kevin Heilmann. Bereits im Jugendalter habe ich mich f\u00fcr die Informatik interessiert und auch angefangen zu Programmieren. Im Jahr 2012 habe ich meine Pr\u00fcfung zum Fachinformatiker f\u00fcr Systemintegration in der IHK Wuppertal-Remscheid-Solingen absolviert und damit mein Hobby zum Beruf gemacht<\/p><p>Als ausgebildeter Fachinformatiker der Systemintegration mit einigen Jahren Berufserfahrung habe Ich die KHi, mit dem Ziel IT-Dienstleistungen in verschiedenen Bereichen m\u00f6glichst kosteng\u00fcnstig f\u00fcr Sie anzubieten, gegr\u00fcndet. Dabei richten Wir unseren Fokus nicht nur auf kleine und mittelst\u00e4ndische Unternehmen, sondern auch an privat Personen wie bspw. auf Generationen, die mit der heutigen Technik nicht gro\u00df geworden sind, jedoch gro\u00dfes Interesse daran zeigen.<\/p><p>Neben der KHi arbeite ich als IT-Systemingenieur und ADA gepr\u00fcfter Ausbilder in Festanstellung f\u00fcr einen f\u00fchrenden IT-Dienstleister im Gesundheitswesen in Wuppertal.\u00a0Dadurch kann ich mein Wissen \u00fcber die neuesten Technologien stets auf dem neuesten Stand bringen und f\u00fcr Sie umsetzen. Spezialisiert bin ich dort im Design von Windows Server Diensten und Skript gesteuerter Automatisierung.<\/p><h5>Wichtige Information<\/h5><p>Kevin Heilmann Informatik ist als Kleinunternehmen t\u00e4tig, die von uns ausgestellten Rechnungen beinhalten keinen Ausweis der Umsatzsteuer gem. \u00a7 19 UStG.<\/p>\t\t\t\t\t\t\t\t<\/div>\n\t\t\t\t<\/div>\n\t\t\t\t\t<\/div>\n\t\t<\/div>\n\t\t\t\t\t<\/div>\n\t\t<\/section>\n\t\t\t\t<\/div>\n\t\t","protected":false},"excerpt":{"rendered":"<p>Kevin Heilmann Mein Name ist Kevin Heilmann. Bereits im Jugendalter habe ich mich f\u00fcr die Informatik interessiert und auch angefangen zu Programmieren. Im Jahr 2012 habe ich meine Pr\u00fcfung zum Fachinformatiker f\u00fcr Systemintegration in der IHK Wuppertal-Remscheid-Solingen absolviert und damit mein Hobby zum Beruf gemacht Als ausgebildeter Fachinformatiker der Systemintegration mit einigen Jahren Berufserfahrung habe [&hellip;]<\/p>\n","protected":false},"author":1,"featured_media":0,"parent":0,"menu_order":0,"comment_status":"closed","ping_status":"closed","template":"","meta":{"_exactmetrics_skip_tracking":false,"_exactmetrics_sitenote_active":false,"_exactmetrics_sitenote_note":"","_exactmetrics_sitenote_category":0,"_monsterinsights_skip_tracking":false,"_monsterinsights_sitenote_active":false,"_monsterinsights_sitenote_note":"","_monsterinsights_sitenote_category":0,"footnotes":""},"class_list":["post-14","page","type-page","status-publish","hentry"],"aioseo_notices":[],"_links":{"self":[{"href":"https:\/\/www.khinformatik.de\/index.php?rest_route=\/wp\/v2\/pages\/14","targetHints":{"allow":["GET"]}}],"collection":[{"href":"https:\/\/www.khinformatik.de\/index.php?rest_route=\/wp\/v2\/pages"}],"about":[{"href":"https:\/\/www.khinformatik.de\/index.php?rest_route=\/wp\/v2\/types\/page"}],"author":[{"embeddable":true,"href":"https:\/\/www.khinformatik.de\/index.php?rest_route=\/wp\/v2\/users\/1"}],"replies":[{"embeddable":true,"href":"https:\/\/www.khinformatik.de\/index.php?rest_route=%2Fwp%2Fv2%2Fcomments&post=14"}],"version-history":[{"count":5,"href":"https:\/\/www.khinformatik.de\/index.php?rest_route=\/wp\/v2\/pages\/14\/revisions"}],"predecessor-version":[{"id":87,"href":"https:\/\/www.khinformatik.de\/index.php?rest_route=\/wp\/v2\/pages\/14\/revisions\/87"}],"wp:attachment":[{"href":"https:\/\/www.khinformatik.de\/index.php?rest_route=%2Fwp%2Fv2%2Fmedia&parent=14"}],"curies":[{"name":"wp","href":"https:\/\/api.w.org\/{rel}","templated":true}]}}