{"id":8,"date":"2018-08-22T19:37:51","date_gmt":"2018-08-22T19:37:51","guid":{"rendered":"https:\/\/khinformatik.de\/?page_id=8"},"modified":"2018-08-23T01:50:57","modified_gmt":"2018-08-22T23:50:57","slug":"ihr-regionaler-it-dienstleister-im-bergischen-land","status":"publish","type":"page","link":"https:\/\/www.khinformatik.de\/","title":{"rendered":"Startseite"},"content":{"rendered":"\t\t<div data-elementor-type=\"wp-post\" data-elementor-id=\"8\" class=\"elementor elementor-8 elementor-bc-flex-widget\">\n\t\t\t\t\t\t<section class=\"elementor-section elementor-top-section elementor-element elementor-element-79515f5 elementor-section-boxed elementor-section-height-default elementor-section-height-default\" data-id=\"79515f5\" data-element_type=\"section\" data-e-type=\"section\">\n\t\t\t\t\t\t<div class=\"elementor-container elementor-column-gap-default\">\n\t\t\t\t\t<div class=\"elementor-column elementor-col-50 elementor-top-column elementor-element elementor-element-1ff7336\" data-id=\"1ff7336\" data-element_type=\"column\" data-e-type=\"column\">\n\t\t\t<div class=\"elementor-widget-wrap elementor-element-populated\">\n\t\t\t\t\t\t<div class=\"elementor-element elementor-element-7ea2a5a elementor-widget elementor-widget-text-editor\" data-id=\"7ea2a5a\" data-element_type=\"widget\" data-e-type=\"widget\" data-widget_type=\"text-editor.default\">\n\t\t\t\t<div class=\"elementor-widget-container\">\n\t\t\t\t\t\t\t\t\t<div class=\"elementor-element elementor-element-75de6d1 elementor-widget elementor-widget-heading\" data-id=\"75de6d1\" data-element_type=\"heading.default\"><div class=\"elementor-widget-container\"><h2 class=\"elementor-heading-title elementor-size-default\">Firmennetzwerke<\/h2><\/div><\/div><div class=\"elementor-element elementor-element-519d614 elementor-widget elementor-widget-text-editor\" style=\"margin-bottom: 20px;\" data-id=\"519d614\" data-element_type=\"text-editor.default\"><div class=\"elementor-widget-container\"><div class=\"elementor-text-editor elementor-clearfix\"><p>Sie betreiben ein kleines bis mittelst\u00e4ndisches Unternehmen?<br \/>Wir bieten Ihnen:<\/p><ul><li>Aktualisierung und Instandhalten Ihrer Webauftritte<\/li><li>Aktualisierung Ihrer Hard- und Software<\/li><li>Absicherungen Ihrer Server und Computer<\/li><li>Unterst\u00fctzung bei Problemen<\/li><li>Umsetzung neuer Sicherungskonzepte<\/li><li>Einrichtung und Einf\u00fchrung neuer Hard- oder Software<\/li><\/ul><\/div><\/div><\/div>\t\t\t\t\t\t\t\t<\/div>\n\t\t\t\t<\/div>\n\t\t\t\t\t<\/div>\n\t\t<\/div>\n\t\t\t\t<div class=\"elementor-column elementor-col-50 elementor-top-column elementor-element elementor-element-e8b705e\" data-id=\"e8b705e\" data-element_type=\"column\" data-e-type=\"column\">\n\t\t\t<div class=\"elementor-widget-wrap elementor-element-populated\">\n\t\t\t\t\t\t<div class=\"elementor-element elementor-element-2be7ca6 elementor-widget elementor-widget-image\" data-id=\"2be7ca6\" data-element_type=\"widget\" data-e-type=\"widget\" data-widget_type=\"image.default\">\n\t\t\t\t<div class=\"elementor-widget-container\">\n\t\t\t\t\t\t\t\t\t\t\t\t\t\t\t<img fetchpriority=\"high\" decoding=\"async\" width=\"810\" height=\"607\" src=\"https:\/\/www.khinformatik.de\/wp-content\/uploads\/2018\/08\/firmennetzwerk.jpg\" class=\"attachment-large size-large wp-image-62\" alt=\"\" srcset=\"https:\/\/www.khinformatik.de\/wp-content\/uploads\/2018\/08\/firmennetzwerk.jpg 4042w, https:\/\/www.khinformatik.de\/wp-content\/uploads\/2018\/08\/firmennetzwerk-300x225.jpg 300w, https:\/\/www.khinformatik.de\/wp-content\/uploads\/2018\/08\/firmennetzwerk-768x576.jpg 768w, https:\/\/www.khinformatik.de\/wp-content\/uploads\/2018\/08\/firmennetzwerk-600x450.jpg 600w\" sizes=\"(max-width: 810px) 100vw, 810px\" \/>\t\t\t\t\t\t\t\t\t\t\t\t\t\t\t<\/div>\n\t\t\t\t<\/div>\n\t\t\t\t\t<\/div>\n\t\t<\/div>\n\t\t\t\t\t<\/div>\n\t\t<\/section>\n\t\t\t\t<section class=\"elementor-section elementor-top-section elementor-element elementor-element-cc3d456 elementor-section-boxed elementor-section-height-default elementor-section-height-default\" data-id=\"cc3d456\" data-element_type=\"section\" data-e-type=\"section\">\n\t\t\t\t\t\t<div class=\"elementor-container elementor-column-gap-default\">\n\t\t\t\t\t<div class=\"elementor-column elementor-col-50 elementor-top-column elementor-element elementor-element-a5c4134\" data-id=\"a5c4134\" data-element_type=\"column\" data-e-type=\"column\">\n\t\t\t<div class=\"elementor-widget-wrap elementor-element-populated\">\n\t\t\t\t\t\t<div class=\"elementor-element elementor-element-967bb86 elementor-widget elementor-widget-image\" data-id=\"967bb86\" data-element_type=\"widget\" data-e-type=\"widget\" data-widget_type=\"image.default\">\n\t\t\t\t<div class=\"elementor-widget-container\">\n\t\t\t\t\t\t\t\t\t\t\t\t\t\t\t<img decoding=\"async\" width=\"495\" height=\"477\" src=\"https:\/\/www.khinformatik.de\/wp-content\/uploads\/2018\/08\/heimnetzwerk.png\" class=\"attachment-large size-large wp-image-63\" alt=\"\" srcset=\"https:\/\/www.khinformatik.de\/wp-content\/uploads\/2018\/08\/heimnetzwerk.png 495w, https:\/\/www.khinformatik.de\/wp-content\/uploads\/2018\/08\/heimnetzwerk-300x289.png 300w\" sizes=\"(max-width: 495px) 100vw, 495px\" \/>\t\t\t\t\t\t\t\t\t\t\t\t\t\t\t<\/div>\n\t\t\t\t<\/div>\n\t\t\t\t\t<\/div>\n\t\t<\/div>\n\t\t\t\t<div class=\"elementor-column elementor-col-50 elementor-top-column elementor-element elementor-element-0341adc\" data-id=\"0341adc\" data-element_type=\"column\" data-e-type=\"column\">\n\t\t\t<div class=\"elementor-widget-wrap elementor-element-populated\">\n\t\t\t\t\t\t<div class=\"elementor-element elementor-element-7187454 elementor-widget elementor-widget-text-editor\" data-id=\"7187454\" data-element_type=\"widget\" data-e-type=\"widget\" data-widget_type=\"text-editor.default\">\n\t\t\t\t<div class=\"elementor-widget-container\">\n\t\t\t\t\t\t\t\t\t<div class=\"elementor-element elementor-element-b0f23d7 elementor-widget elementor-widget-heading\" data-id=\"b0f23d7\" data-element_type=\"heading.default\"><div class=\"elementor-widget-container\"><h2 class=\"elementor-heading-title elementor-size-default\">Private Netzwerke<\/h2><\/div><\/div><div class=\"elementor-element elementor-element-463c18f elementor-widget elementor-widget-text-editor\" data-id=\"463c18f\" data-element_type=\"text-editor.default\"><div class=\"elementor-widget-container\"><div class=\"elementor-text-editor elementor-clearfix\"><p>Sie ben\u00f6tigen Unterst\u00fctzung in Ihrem Heimnetzwerk?<\/p><ul><li>Einrichtungen neuer Hard- und Software<\/li><li>Absicherung Ihrer Netzwerke<\/li><li>Einrichtung von Kindersicherungen<\/li><li>Anbindung verschiedenster Endger\u00e4te und Peripherie wie Drucker, NAS-Speicher, \u00dcberwachungskameras, u.v.m.<\/li><\/ul><\/div><\/div><\/div>\t\t\t\t\t\t\t\t<\/div>\n\t\t\t\t<\/div>\n\t\t\t\t\t<\/div>\n\t\t<\/div>\n\t\t\t\t\t<\/div>\n\t\t<\/section>\n\t\t\t\t<\/div>\n\t\t","protected":false},"excerpt":{"rendered":"<p>Firmennetzwerke Sie betreiben ein kleines bis mittelst\u00e4ndisches Unternehmen?Wir bieten Ihnen: Aktualisierung und Instandhalten Ihrer Webauftritte Aktualisierung Ihrer Hard- und Software Absicherungen Ihrer Server und Computer Unterst\u00fctzung bei Problemen Umsetzung neuer Sicherungskonzepte Einrichtung und Einf\u00fchrung neuer Hard- oder Software Private Netzwerke Sie ben\u00f6tigen Unterst\u00fctzung in Ihrem Heimnetzwerk? Einrichtungen neuer Hard- und Software Absicherung Ihrer Netzwerke Einrichtung [&hellip;]<\/p>\n","protected":false},"author":1,"featured_media":0,"parent":0,"menu_order":0,"comment_status":"closed","ping_status":"closed","template":"","meta":{"_exactmetrics_skip_tracking":false,"_exactmetrics_sitenote_active":false,"_exactmetrics_sitenote_note":"","_exactmetrics_sitenote_category":0,"_monsterinsights_skip_tracking":false,"_monsterinsights_sitenote_active":false,"_monsterinsights_sitenote_note":"","_monsterinsights_sitenote_category":0,"footnotes":""},"class_list":["post-8","page","type-page","status-publish","hentry"],"aioseo_notices":[],"_links":{"self":[{"href":"https:\/\/www.khinformatik.de\/index.php?rest_route=\/wp\/v2\/pages\/8","targetHints":{"allow":["GET"]}}],"collection":[{"href":"https:\/\/www.khinformatik.de\/index.php?rest_route=\/wp\/v2\/pages"}],"about":[{"href":"https:\/\/www.khinformatik.de\/index.php?rest_route=\/wp\/v2\/types\/page"}],"author":[{"embeddable":true,"href":"https:\/\/www.khinformatik.de\/index.php?rest_route=\/wp\/v2\/users\/1"}],"replies":[{"embeddable":true,"href":"https:\/\/www.khinformatik.de\/index.php?rest_route=%2Fwp%2Fv2%2Fcomments&post=8"}],"version-history":[{"count":6,"href":"https:\/\/www.khinformatik.de\/index.php?rest_route=\/wp\/v2\/pages\/8\/revisions"}],"predecessor-version":[{"id":73,"href":"https:\/\/www.khinformatik.de\/index.php?rest_route=\/wp\/v2\/pages\/8\/revisions\/73"}],"wp:attachment":[{"href":"https:\/\/www.khinformatik.de\/index.php?rest_route=%2Fwp%2Fv2%2Fmedia&parent=8"}],"curies":[{"name":"wp","href":"https:\/\/api.w.org\/{rel}","templated":true}]}}